{"id":3156,"date":"2023-06-09T12:48:15","date_gmt":"2023-06-09T12:48:15","guid":{"rendered":"https:\/\/ouissal.org\/?page_id=3156"},"modified":"2023-06-29T12:25:58","modified_gmt":"2023-06-29T12:25:58","slug":"impressum","status":"publish","type":"page","link":"https:\/\/ouissal.org\/fr\/impressum\/","title":{"rendered":"Impressum"},"content":{"rendered":"<div data-elementor-type=\"wp-page\" data-elementor-id=\"3156\" class=\"elementor elementor-3156\" data-elementor-post-type=\"page\">\n\t\t\t\t<div class=\"elementor-element elementor-element-c2339ba e-flex e-con-boxed e-con e-parent\" data-id=\"c2339ba\" data-element_type=\"container\" data-e-type=\"container\">\n\t\t\t\t\t<div class=\"e-con-inner\">\n\t\t\t\t<div class=\"elementor-element elementor-element-968b56c divider_yes elementor-widget elementor-widget-wgl-double-headings\" data-id=\"968b56c\" data-element_type=\"widget\" data-e-type=\"widget\" data-widget_type=\"wgl-double-headings.default\">\n\t\t\t\t<div class=\"elementor-widget-container\">\n\t\t\t\t\t<div class=\"wgl-double_heading aleft\">                <h1 class=\"dbl-title_wrapper\"><span class=\"dbl-title dbl-title_1\">Impressum<\/span>                 <\/h1>        <\/div>\t\t\t\t<\/div>\n\t\t\t\t<\/div>\n\t\t\t\t<div class=\"elementor-element elementor-element-8457b5e elementor-widget elementor-widget-text-editor\" data-id=\"8457b5e\" data-element_type=\"widget\" data-e-type=\"widget\" data-widget_type=\"text-editor.default\">\n\t\t\t\t<div class=\"elementor-widget-container\">\n\t\t\t\t\t\t\t\t\t<p><span><strong>Association euro-m\u00e9diterran\u00e9enne-arabe EMA e.V.<\/strong><br \/>Stresemannstra\u00dfe 21<br \/>10963 Berlin<br \/>Tel : 030 - 25 35 92 72<\/span><br \/><span>Fax : 030 -25 35 93 89<\/span><br \/><span><a href=\"mailto:info@ema-germany.org\"><u>info@ema-germany.org<\/u><\/a>\u00a0<\/span><br \/><span><a href=\"http:\/\/www.ema-germany.org\/\" target=\"_blank\" rel=\"noopener\"><u>www.ema-germany.org<\/u><\/a>\u00a0<\/span><\/p><p><span><strong>Repr\u00e9sent\u00e9 par<\/strong><\/span><br \/><span>Heike F\u00f6lster, Pr\u00e9sidente<\/span><br \/><span>Clara Gruitrooy, secr\u00e9taire g\u00e9n\u00e9rale<\/span><\/p><p><span><strong>Registre des associations<\/strong><\/span><br \/><span>Amtsgericht Charlottenburg, VR 8189B\u00a0\u00a0\u00a0\u00a0\u00a0<\/span><\/p><p><span><strong>Num\u00e9ro d'identification de la taxe sur la valeur ajout\u00e9e (n\u00b0 d'identification TVA)<\/strong><\/span><br \/><span>DE281167268<\/span><\/p><p><span><strong>H\u00e9bergement<\/strong><\/span><br \/><span>ALL-INKL.COM - Neue Medien M\u00fcnnich<\/span><br \/><span>Hauptstra\u00dfe 68<br \/>02742 Neusalza-Spremberg<br \/>Tel +49 35872 353-10<\/span><br \/><span><a href=\"https:\/\/all-inkl.com\/\" target=\"_blank\" rel=\"noopener\"><u>https:\/\/all-inkl.com\/<\/u><\/a>\u00a0<\/span><\/p><p><span><strong>Conception de sites web, mise en \u0153uvre<\/strong><\/span><br \/>Mashup Digital Kft.<br \/><span>9028 Gy\u0151r Soproni utca 6.<\/span><br \/><span>Tel : +36\/70-536-9692<\/span><br \/><a href=\"https:\/\/mashup-digital.com\" target=\"_blank\" rel=\"noopener\">https:\/\/mashup-digital.com<\/a><\/p><p><span><strong>Clause de non-responsabilit\u00e9<\/strong><\/span><br \/><span>Ce site web a \u00e9t\u00e9 \u00e9labor\u00e9 avec le plus grand soin possible. L'EMA ne garantit pas et n'accepte aucune responsabilit\u00e9 quant \u00e0 l'actualit\u00e9, l'exactitude, l'exhaustivit\u00e9 ou la qualit\u00e9 des informations fournies sur ce site. Toute responsabilit\u00e9 pour des dommages r\u00e9sultant directement ou indirectement de l'utilisation de ce site web est exclue, \u00e0 moins qu'il ne s'agisse d'une intention ou d'une n\u00e9gligence grave.<\/span><\/p><p><span>Toutes les donn\u00e9es sont non contraignantes. L'EMA se r\u00e9serve le droit de modifier, de compl\u00e9ter ou de supprimer tout ou partie du site web sans pr\u00e9avis particulier, ou d'interrompre temporairement ou d\u00e9finitivement la publication.<\/span><\/p><p><span>L'EMA n'est pas responsable, directement ou indirectement, des pertes ou dommages, y compris les pertes de profits, r\u00e9sultant de l'utilisation ou de la non-utilisation des informations fournies sur ce site web.<\/span><\/p><p><span>Ce site web contient des liens vers des sites web externes. Le fournisseur respectif est toujours responsable du contenu des sites externes li\u00e9s. Si l'EMA constate ou est inform\u00e9e par d'autres qu'un site externe vers lequel elle a \u00e9tabli un lien engage sa responsabilit\u00e9 civile ou p\u00e9nale, elle supprimera imm\u00e9diatement le lien vers ce site<\/span><\/p><p><span>Ce projet est financ\u00e9 par le minist\u00e8re f\u00e9d\u00e9ral de la coop\u00e9ration \u00e9conomique et du d\u00e9veloppement (BMZ) et soutenu par la Deutsche Gesellschaft f\u00fcr Internationale Zusammenarbeit (GIZ) GmbH.<\/span><\/p>\t\t\t\t\t\t\t\t<\/div>\n\t\t\t\t<\/div>\n\t\t\t\t\t<\/div>\n\t\t\t\t<\/div>\n\t\t\t\t<\/div>","protected":false},"excerpt":{"rendered":"<p>Impressum Euro-Mediterranean-Arab Association EMA e.V.Stresemannstra\u00dfe 2110963 BerlinTel: 030 \u2013 25 35 92 72Fax: 030 -25 35 93 89info@ema-germany.org\u00a0www.ema-germany.org\u00a0 Represented byHeike F\u00f6lster, PresidentClara Gruitrooy, General Secretary Association registerAmtsgericht Charlottenburg, VR 8189B\u00a0\u00a0\u00a0\u00a0\u00a0 Value Added Tax Identification Number (VAT ID No.)DE281167268 HostingALL-INKL.COM \u2013 Neue Medien M\u00fcnnichHauptstra\u00dfe 6802742 Neusalza-SprembergTel +49 35872 353-10https:\/\/all-inkl.com\/\u00a0 Webdesign, implementationMashup Digital Kft.9028 Gy\u0151r Soproni utca [&hellip;]<\/p>\n","protected":false},"author":1,"featured_media":0,"parent":0,"menu_order":0,"comment_status":"closed","ping_status":"closed","template":"","meta":{"_acf_changed":false,"footnotes":""},"class_list":["post-3156","page","type-page","status-publish","hentry"],"acf":[],"_links":{"self":[{"href":"https:\/\/ouissal.org\/fr\/wp-json\/wp\/v2\/pages\/3156","targetHints":{"allow":["GET"]}}],"collection":[{"href":"https:\/\/ouissal.org\/fr\/wp-json\/wp\/v2\/pages"}],"about":[{"href":"https:\/\/ouissal.org\/fr\/wp-json\/wp\/v2\/types\/page"}],"author":[{"embeddable":true,"href":"https:\/\/ouissal.org\/fr\/wp-json\/wp\/v2\/users\/1"}],"replies":[{"embeddable":true,"href":"https:\/\/ouissal.org\/fr\/wp-json\/wp\/v2\/comments?post=3156"}],"version-history":[{"count":16,"href":"https:\/\/ouissal.org\/fr\/wp-json\/wp\/v2\/pages\/3156\/revisions"}],"predecessor-version":[{"id":3916,"href":"https:\/\/ouissal.org\/fr\/wp-json\/wp\/v2\/pages\/3156\/revisions\/3916"}],"wp:attachment":[{"href":"https:\/\/ouissal.org\/fr\/wp-json\/wp\/v2\/media?parent=3156"}],"curies":[{"name":"wp","href":"https:\/\/api.w.org\/{rel}","templated":true}]}}