{"id":3030,"date":"2023-06-08T14:58:27","date_gmt":"2023-06-08T14:58:27","guid":{"rendered":"https:\/\/ouissal.org\/?page_id=3030"},"modified":"2026-01-13T12:18:53","modified_gmt":"2026-01-13T12:18:53","slug":"mentees-selection-process","status":"publish","type":"page","link":"https:\/\/ouissal.org\/fr\/mentees-selection-process\/","title":{"rendered":"Crit\u00e8res de s\u00e9lection des mentor\u00e9s"},"content":{"rendered":"<div data-elementor-type=\"wp-page\" data-elementor-id=\"3030\" class=\"elementor elementor-3030\" data-elementor-post-type=\"page\">\n\t\t\t\t<div class=\"elementor-element elementor-element-8869f69 e-flex e-con-boxed e-con e-parent\" data-id=\"8869f69\" data-element_type=\"container\" data-e-type=\"container\">\n\t\t\t\t\t<div class=\"e-con-inner\">\n\t\t\t\t<div class=\"elementor-element elementor-element-148ad5c elementor-widget elementor-widget-heading\" data-id=\"148ad5c\" data-element_type=\"widget\" data-e-type=\"widget\" data-widget_type=\"heading.default\">\n\t\t\t\t<div class=\"elementor-widget-container\">\n\t\t\t\t\t<h2 class=\"elementor-heading-title elementor-size-default\">Crit\u00e8res de s\u00e9lection des mentor\u00e9e ! <\/h2>\t\t\t\t<\/div>\n\t\t\t\t<\/div>\n\t\t\t\t<div class=\"elementor-element elementor-element-1c49a12 elementor-widget elementor-widget-text-editor\" data-id=\"1c49a12\" data-element_type=\"widget\" data-e-type=\"widget\" data-no-translation=\"\" data-widget_type=\"text-editor.default\">\n\t\t\t\t<div class=\"elementor-widget-container\">\n\t\t\t\t\t<style>.elementor-element-1c49a12{display:none !important}<\/style>\t\t\t\t<\/div>\n\t\t\t\t<\/div>\n\t\t\t\t<div class=\"elementor-element elementor-element-109fc9b elementor-widget elementor-widget-text-editor\" data-id=\"109fc9b\" data-element_type=\"widget\" data-e-type=\"widget\" data-no-translation=\"\" data-widget_type=\"text-editor.default\">\n\t\t\t\t<div class=\"elementor-widget-container\">\n\t\t\t\t\t<style>.elementor-element-109fc9b{display:none !important}<\/style>\t\t\t\t<\/div>\n\t\t\t\t<\/div>\n\t\t\t\t<div class=\"elementor-element elementor-element-665e4c1 elementor-widget elementor-widget-text-editor\" data-id=\"665e4c1\" data-element_type=\"widget\" data-e-type=\"widget\" data-no-translation=\"\" data-widget_type=\"text-editor.default\">\n\t\t\t\t<div class=\"elementor-widget-container\">\n\t\t\t\t\t\t\t\t\t<p><strong>Crit\u00e8res de s\u00e9lection des mentor\u00e9es : Les femmes d\u2019Allemagne, du Maroc, d\u2019Alg\u00e9rie, de Tunisie, de Libye, d\u2019\u00c9gypte, de Jordanie, du Liban, de Syrie et de Palestine peuvent participer \u00e0 Ouissal si elles remplissent id\u00e9alement les crit\u00e8res suivants :<\/strong><\/p><p><b><span style=\"text-decoration: underline;\">Carri\u00e8re<\/span><\/b><\/p><ul><li>Entrepreneure avec un plan d\u2019affaires solide et \u00e9volutif<\/li><li>Avoir d\u00e9j\u00e0 s\u00e9curis\u00e9 le financement de base de l\u2019entreprise<\/li><li>Un fort int\u00e9r\u00eat pour l\u2019int\u00e9gration de la durabilit\u00e9 et de la transformation num\u00e9rique dans le plan d\u2019affaires<\/li><\/ul><p><span style=\"text-decoration: underline;\"><b>Engagement envers le programme<\/b><\/span><\/p><ul><li>Disponibilit\u00e9 pour <strong>rencontrer votre groupe de mentorat en ligne au moins une fois par mois<\/strong> pendant au moins une heure apr\u00e8s le Kick-Off Meeting<\/li><li>Disponibilit\u00e9 pour <strong>participer \u00e0 au moins 3 ateliers en ligne<\/strong> organis\u00e9s par l&#8217;\u00e9quipe OUISSAL pendant la dur\u00e9e du programme<\/li><li>Engagement \u00e0 d\u00e9velopper avec succ\u00e8s un plan d\u2019affaires durable avec le soutien de la mentore et du groupe de mentorat<\/li><li>Maintenir des connexions locales, r\u00e9gionales et internationales avec d\u2019autres entrepreneures et dirigeantes gr\u00e2ce au projet OUISSAL<\/li><li>Participation \u00e0 l\u2019une des <strong>r\u00e9unions de lancement obligatoires<\/strong> :<ul><li>Maroc : 27\u201331 oct. 2025<\/li><li>Jordanie : 12\u201316 janv. 2026<\/li><li>\u00c9gypte : 9\u201313 f\u00e9v. 2026<\/li><\/ul><p><em>Les r\u00e9unions de lancement ont g\u00e9n\u00e9ralement lieu en semaine, avec arriv\u00e9e le lundi et d\u00e9part le vendredi. Les participantes r\u00e9sidant dans le pays h\u00f4te doivent obligatoirement assister \u00e0 la r\u00e9union correspondante.<\/em><\/p><\/li><li>Participation au <strong>7<sup>e<\/sup> Forum germano-arabe des femmes<\/strong> \u00e0 Berlin \u00e0 l\u2019automne 2026, sous r\u00e9serve d\u2019une \u00e9valuation des performances par la mentore et l\u2019\u00e9quipe OUISSAL<\/li><li>Int\u00e9r\u00eat pour <strong>l\u2019\u00e9change interculturel<\/strong> et le partage de perspectives professionnelles<\/li><li>Engagement \u00e0 <strong>se connecter<\/strong> et \u00e0 <strong>soutenir<\/strong> les femmes du <strong>r\u00e9seau OUISSAL<\/strong>, y compris les participantes pass\u00e9es et actuelles<\/li><li>D\u00e9montrer <strong>respect<\/strong>, <strong>conscience de soi<\/strong> et <strong>qualit\u00e9s personnelles r\u00e9flexives<\/strong><\/li><\/ul><p><span style=\"text-decoration: underline;\"><b>Comp\u00e9tences linguistiques<\/b><\/span><\/p><ul><li><strong>Tr\u00e8s bonne ma\u00eetrise de l\u2019anglais<\/strong>, car toutes les r\u00e9unions, \u00e9v\u00e9nements, ateliers et sessions en ligne se d\u00e9rouleront en anglais<\/li><li>D\u2019autres langues peuvent \u00eatre utilis\u00e9es pendant la phase de mentorat de groupe si toutes les participantes en conviennent<\/li><\/ul><p><span style=\"text-decoration: underline;\"><b>Code de conduite<\/b><\/span><\/p><ul><li><strong>Interaction respectueuse :<\/strong> OUISSAL n\u2019est pas une plateforme politique. Les participantes sont encourag\u00e9es \u00e0 respecter les opinions et les parcours des autres et \u00e0 dialoguer avec curiosit\u00e9 et coop\u00e9ration.<\/li><li><strong>Tol\u00e9rance z\u00e9ro face \u00e0 la discrimination :<\/strong> Toute forme de discrimination, d\u2019hostilit\u00e9 ou de discours haineux ne sera pas tol\u00e9r\u00e9e.<\/li><li><strong>Collaboration constructive :<\/strong> OUISSAL n\u2019a pas pour but de cr\u00e9er des opportunit\u00e9s d\u2019entr\u00e9e sur de nouveaux march\u00e9s ni de servir de plateforme de stages ou d\u2019emplois. L\u2019objectif est l\u2019apprentissage, le mentorat et le d\u00e9veloppement professionnel mutuel.<\/li><li><strong>Confidentialit\u00e9 :<\/strong> Toutes les sessions, ateliers et \u00e9v\u00e9nements de r\u00e9seautage se d\u00e9roulent dans un espace de confiance. Les participantes s\u2019engagent \u00e0 garder confidentielles les informations partag\u00e9es.<\/li><li>Une fois s\u00e9lectionn\u00e9es, les mentor\u00e9es s\u2019engagent \u00e0 participer activement \u00e0 toutes les activit\u00e9s du programme. \u00c9tant donn\u00e9 que le programme est financ\u00e9 par des fonds publics et que les mentores offrent b\u00e9n\u00e9volement leur temps, la participation active est attendue comme un signe de respect.<\/li><\/ul><p><span style=\"text-decoration: underline;\"><b>Co\u00fbt<\/b><\/span><\/p><ul><li>Le programme couvre les vols, les transports interurbains, les repas et l\u2019h\u00e9bergement pour les r\u00e9unions de lancement et le Forum germano-arabe des femmes.<\/li><li>Les frais de visa, le cas \u00e9ch\u00e9ant, ne sont pas inclus.<\/li><li>Votre investissement est votre temps et votre ouverture \u00e0 apprendre et \u00e0 \u00e9voluer avec votre groupe de mentorat.<\/li><\/ul>\t\t\t\t\t\t\t\t<\/div>\n\t\t\t\t<\/div>\n\t\t\t\t\t<\/div>\n\t\t\t\t<\/div>\n\t\t<!-- dce invisible element c14ceda -->\t\t<\/div>","protected":false},"excerpt":{"rendered":"<p>Mentees Selection Criteria Mentees Selection Criteria: Women from Germany, Morocco, Algeria, Tunisia, Libya, Egypt, Jordan, Lebanon, Syria, and Palestine can participate in Ouissal, ideally meeting the following requirements: Career An entrepreneur with a solid and scalable business plan Have already secured the basic financing of the business A strong interest in integrating sustainability and digital [&hellip;]<\/p>\n","protected":false},"author":1,"featured_media":2395,"parent":0,"menu_order":0,"comment_status":"closed","ping_status":"closed","template":"","meta":{"_acf_changed":false,"footnotes":""},"class_list":["post-3030","page","type-page","status-publish","has-post-thumbnail","hentry"],"acf":[],"_links":{"self":[{"href":"https:\/\/ouissal.org\/fr\/wp-json\/wp\/v2\/pages\/3030","targetHints":{"allow":["GET"]}}],"collection":[{"href":"https:\/\/ouissal.org\/fr\/wp-json\/wp\/v2\/pages"}],"about":[{"href":"https:\/\/ouissal.org\/fr\/wp-json\/wp\/v2\/types\/page"}],"author":[{"embeddable":true,"href":"https:\/\/ouissal.org\/fr\/wp-json\/wp\/v2\/users\/1"}],"replies":[{"embeddable":true,"href":"https:\/\/ouissal.org\/fr\/wp-json\/wp\/v2\/comments?post=3030"}],"version-history":[{"count":81,"href":"https:\/\/ouissal.org\/fr\/wp-json\/wp\/v2\/pages\/3030\/revisions"}],"predecessor-version":[{"id":10756,"href":"https:\/\/ouissal.org\/fr\/wp-json\/wp\/v2\/pages\/3030\/revisions\/10756"}],"wp:featuredmedia":[{"embeddable":true,"href":"https:\/\/ouissal.org\/fr\/wp-json\/wp\/v2\/media\/2395"}],"wp:attachment":[{"href":"https:\/\/ouissal.org\/fr\/wp-json\/wp\/v2\/media?parent=3030"}],"curies":[{"name":"wp","href":"https:\/\/api.w.org\/{rel}","templated":true}]}}