{"id":2034,"date":"2023-05-22T08:11:09","date_gmt":"2023-05-22T08:11:09","guid":{"rendered":"https:\/\/ouissal.org\/?page_id=2034"},"modified":"2026-03-20T12:32:37","modified_gmt":"2026-03-20T12:32:37","slug":"members-area-2","status":"publish","type":"page","link":"https:\/\/ouissal.org\/fr\/","title":{"rendered":"Page d'accueil"},"content":{"rendered":"<div class=\"em em-view-container\" id=\"em-view-1827077540\" data-view=\"event\">\r\n\t<div class=\"em wgl_themes em-item em-item-single em-event em-event-single em-event-1\" id=\"em-event-1827077540\" data-view-id=\"1827077540\">\r\n\t\t<div class=\"event-single_wrapper row\">\r\n            <div class=\"event-single_content wgl_col-4\">\r\n                   <i class=\"icon-event flaticon-clock\"><\/i>\r\n              <h6>Date de l'\u00e9v\u00e9nement<\/h6>\r\n              D\u00e9but \u00e0 20:00 heures<br \/>\r\n            30 octobre 2023 - 3 novembre 2023\r\n            <\/div>\r\n            \r\n            <div class=\"event-single_content wgl_col-4\">\r\n            <i class=\"icon-event flaticon-meeting-point\"><\/i>\r\n              <h6>Lieu de l'\u00e9v\u00e9nement<\/h6>\r\n              <a href=\"https:\/\/ouissal.org\/fr\/locations\/tunis-tunisia\/\">Tunis, Tunisie<\/a>\r\n            <\/div>\r\n            \r\n            <div class=\"event-single_content wgl_col-4\">\r\n            <i class=\"icon-event flaticon-paper-plane\"><\/i>\r\n              <h6>Courrier \u00e9lectronique<\/h6>\r\n\t\t\t\t<span>ouissal@ema-germany.org<\/span>\r\n            <\/div>\r\n            <\/div>\r\n            \t<\/div>\r\n<\/div>","protected":false},"excerpt":{"rendered":"<p>octobre 30, 2023 &#8211; novembre 3, 2023 @ 8:00 pm &#8211; Les candidatures pour Ouissal 2025\/26 sont d\u00e9sormais closes !Merci pour votre int\u00e9r\u00eat ! Nous avons re\u00e7u un grand nombre de candidatures et les examinons actuellement avec soin. Nous vous contacterons prochainement et vous remercions sinc\u00e8rement pour votre patience.OuissalProgramme de mentorat interculturelUn programme de mentorat arabo-allemand unique en son genre pour les femmes dirigeantes !En savoir [&#8230;]<\/p>\n","protected":false},"author":1,"featured_media":0,"parent":0,"menu_order":0,"comment_status":"closed","ping_status":"closed","template":"","meta":{"_acf_changed":false,"footnotes":""},"class_list":["post-2034","page","type-page","status-publish","hentry"],"acf":[],"_links":{"self":[{"href":"https:\/\/ouissal.org\/fr\/wp-json\/wp\/v2\/pages\/2034","targetHints":{"allow":["GET"]}}],"collection":[{"href":"https:\/\/ouissal.org\/fr\/wp-json\/wp\/v2\/pages"}],"about":[{"href":"https:\/\/ouissal.org\/fr\/wp-json\/wp\/v2\/types\/page"}],"author":[{"embeddable":true,"href":"https:\/\/ouissal.org\/fr\/wp-json\/wp\/v2\/users\/1"}],"replies":[{"embeddable":true,"href":"https:\/\/ouissal.org\/fr\/wp-json\/wp\/v2\/comments?post=2034"}],"version-history":[{"count":1293,"href":"https:\/\/ouissal.org\/fr\/wp-json\/wp\/v2\/pages\/2034\/revisions"}],"predecessor-version":[{"id":11357,"href":"https:\/\/ouissal.org\/fr\/wp-json\/wp\/v2\/pages\/2034\/revisions\/11357"}],"wp:attachment":[{"href":"https:\/\/ouissal.org\/fr\/wp-json\/wp\/v2\/media?parent=2034"}],"curies":[{"name":"wp","href":"https:\/\/api.w.org\/{rel}","templated":true}]}}