{"id":3156,"date":"2023-06-09T12:48:15","date_gmt":"2023-06-09T12:48:15","guid":{"rendered":"https:\/\/ouissal.org\/?page_id=3156"},"modified":"2023-06-29T12:25:58","modified_gmt":"2023-06-29T12:25:58","slug":"impressum","status":"publish","type":"page","link":"https:\/\/ouissal.org\/de\/impressum\/","title":{"rendered":"Impressum"},"content":{"rendered":"<div data-elementor-type=\"wp-page\" data-elementor-id=\"3156\" class=\"elementor elementor-3156\" data-elementor-post-type=\"page\">\n\t\t\t\t<div class=\"elementor-element elementor-element-c2339ba e-flex e-con-boxed e-con e-parent\" data-id=\"c2339ba\" data-element_type=\"container\" data-e-type=\"container\">\n\t\t\t\t\t<div class=\"e-con-inner\">\n\t\t\t\t<div class=\"elementor-element elementor-element-968b56c divider_yes elementor-widget elementor-widget-wgl-double-headings\" data-id=\"968b56c\" data-element_type=\"widget\" data-e-type=\"widget\" data-widget_type=\"wgl-double-headings.default\">\n\t\t\t\t<div class=\"elementor-widget-container\">\n\t\t\t\t\t<div class=\"wgl-double_heading aleft\">                <h1 class=\"dbl-title_wrapper\"><span class=\"dbl-title dbl-title_1\">Impressum<\/span>                 <\/h1>        <\/div>\t\t\t\t<\/div>\n\t\t\t\t<\/div>\n\t\t\t\t<div class=\"elementor-element elementor-element-8457b5e elementor-widget elementor-widget-text-editor\" data-id=\"8457b5e\" data-element_type=\"widget\" data-e-type=\"widget\" data-widget_type=\"text-editor.default\">\n\t\t\t\t<div class=\"elementor-widget-container\">\n\t\t\t\t\t\t\t\t\t<p><span><strong>Euro-Mediterran-Arabische Gesellschaft EMA e.V.<\/strong><br \/>Stresemannstra\u00dfe 21<br \/>10963 Berlin<br \/>Tel: 030 - 25 35 92 72<\/span><br \/><span>Fax: 030 -25 35 93 89<\/span><br \/><span><a href=\"mailto:info@ema-germany.org\"><u>info@ema-germany.org<\/u><\/a>\u00a0<\/span><br \/><span><a href=\"http:\/\/www.ema-germany.org\/\" target=\"_blank\" rel=\"noopener\"><u>www.ema-germany.org<\/u><\/a>\u00a0<\/span><\/p><p><span><strong>Vertreten durch<\/strong><\/span><br \/><span>Heike F\u00f6lster, Pr\u00e4sidentin<\/span><br \/><span>Clara Gruitrooy, Generalsekret\u00e4rin<\/span><\/p><p><span><strong>Vereinsregister<\/strong><\/span><br \/><span>Amtsgericht Charlottenburg, VR 8189B\u00a0\u00a0\u00a0\u00a0\u00a0<\/span><\/p><p><span><strong>Umsatzsteuer-Identifikationsnummer (USt.-ID-Nr.)<\/strong><\/span><br \/><span>DE281167268<\/span><\/p><p><span><strong>Hosting<\/strong><\/span><br \/><span>ALL-INKL.COM - Neue Medien M\u00fcnnich<\/span><br \/><span>Hauptstra\u00dfe 68<br \/>02742 Neusalza-Spremberg<br \/>Tel. +49 35872 353-10<\/span><br \/><span><a href=\"https:\/\/all-inkl.com\/\" target=\"_blank\" rel=\"noopener\"><u>https:\/\/all-inkl.com\/<\/u><\/a>\u00a0<\/span><\/p><p><span><strong>Webdesign, Implementierung<\/strong><\/span><br \/>Mashup Digital Kft.<br \/><span>9028 Gy\u0151r Soproni utca 6.<\/span><br \/><span>Tel: +36\/70-536-9692<\/span><br \/><a href=\"https:\/\/mashup-digital.com\" target=\"_blank\" rel=\"noopener\">https:\/\/mashup-digital.com<\/a><\/p><p><span><strong>Rechtlicher Hinweis<\/strong><\/span><br \/><span>Diese Website wurde mit gr\u00f6\u00dftm\u00f6glicher Sorgfalt zusammengestellt. Die EMA \u00fcbernimmt jedoch keine Gew\u00e4hr oder Haftung f\u00fcr die Aktualit\u00e4t, Richtigkeit, Vollst\u00e4ndigkeit oder Qualit\u00e4t der auf dieser Website bereitgestellten Informationen. Jegliche Haftung f\u00fcr Sch\u00e4den, die direkt oder indirekt aus der Benutzung dieser Website entstehen, wird ausgeschlossen, soweit diese nicht auf Vorsatz oder grober Fahrl\u00e4ssigkeit beruhen.<\/span><\/p><p><span>Alle Angaben sind freibleibend. Die EMA. beh\u00e4lt es sich vor, die gesamte Website oder Teile davon ohne gesonderte Ank\u00fcndigung zu ver\u00e4ndern, zu erg\u00e4nzen, zu l\u00f6schen oder die Ver\u00f6ffentlichung zeitweise oder endg\u00fcltig einzustellen.<\/span><\/p><p><span>Die EMA haftet weder direkt noch indirekt f\u00fcr Verluste oder Sch\u00e4den, einschlie\u00dflich entgangener Gewinne, die durch die Nutzung oder Nichtnutzung der auf dieser Website angebotenen Informationen entstehen.<\/span><\/p><p><span>Diese Website enth\u00e4lt Links zu externen Websites. F\u00fcr die Inhalte der verlinkten externen Websites ist stets der jeweilige Anbieter verantwortlich. Wenn die EMA feststellt oder von anderen darauf hingewiesen wird, dass ein externes Angebot, auf das sie verlinkt hat, eine zivil- oder strafrechtliche Verantwortlichkeit ausl\u00f6st, wird sie den Verweis auf dieses Angebot unverz\u00fcglich aufheben<\/span><\/p><p><span>Dieses Projekt wird aus Mitteln des Bundesministeriums f\u00fcr wirtschaftliche Zusammenarbeit und Entwicklung (BMZ) gef\u00f6rdert und von der Deutschen Gesellschaft f\u00fcr Internationale Zusammenarbeit (GIZ) GmbH unterst\u00fctzt<\/span><\/p>\t\t\t\t\t\t\t\t<\/div>\n\t\t\t\t<\/div>\n\t\t\t\t\t<\/div>\n\t\t\t\t<\/div>\n\t\t\t\t<\/div>","protected":false},"excerpt":{"rendered":"<p>Impressum Euro-Mediterranean-Arab Association EMA e.V.Stresemannstra\u00dfe 2110963 BerlinTel: 030 \u2013 25 35 92 72Fax: 030 -25 35 93 89info@ema-germany.org\u00a0www.ema-germany.org\u00a0 Represented byHeike F\u00f6lster, PresidentClara Gruitrooy, General Secretary Association registerAmtsgericht Charlottenburg, VR 8189B\u00a0\u00a0\u00a0\u00a0\u00a0 Value Added Tax Identification Number (VAT ID No.)DE281167268 HostingALL-INKL.COM \u2013 Neue Medien M\u00fcnnichHauptstra\u00dfe 6802742 Neusalza-SprembergTel +49 35872 353-10https:\/\/all-inkl.com\/\u00a0 Webdesign, implementationMashup Digital Kft.9028 Gy\u0151r Soproni utca [&hellip;]<\/p>\n","protected":false},"author":1,"featured_media":0,"parent":0,"menu_order":0,"comment_status":"closed","ping_status":"closed","template":"","meta":{"_acf_changed":false,"footnotes":""},"class_list":["post-3156","page","type-page","status-publish","hentry"],"acf":[],"_links":{"self":[{"href":"https:\/\/ouissal.org\/de\/wp-json\/wp\/v2\/pages\/3156","targetHints":{"allow":["GET"]}}],"collection":[{"href":"https:\/\/ouissal.org\/de\/wp-json\/wp\/v2\/pages"}],"about":[{"href":"https:\/\/ouissal.org\/de\/wp-json\/wp\/v2\/types\/page"}],"author":[{"embeddable":true,"href":"https:\/\/ouissal.org\/de\/wp-json\/wp\/v2\/users\/1"}],"replies":[{"embeddable":true,"href":"https:\/\/ouissal.org\/de\/wp-json\/wp\/v2\/comments?post=3156"}],"version-history":[{"count":16,"href":"https:\/\/ouissal.org\/de\/wp-json\/wp\/v2\/pages\/3156\/revisions"}],"predecessor-version":[{"id":3916,"href":"https:\/\/ouissal.org\/de\/wp-json\/wp\/v2\/pages\/3156\/revisions\/3916"}],"wp:attachment":[{"href":"https:\/\/ouissal.org\/de\/wp-json\/wp\/v2\/media?parent=3156"}],"curies":[{"name":"wp","href":"https:\/\/api.w.org\/{rel}","templated":true}]}}