{"id":3030,"date":"2023-06-08T14:58:27","date_gmt":"2023-06-08T14:58:27","guid":{"rendered":"https:\/\/ouissal.org\/?page_id=3030"},"modified":"2026-01-13T12:18:53","modified_gmt":"2026-01-13T12:18:53","slug":"mentees-selection-process","status":"publish","type":"page","link":"https:\/\/ouissal.org\/de\/mentees-selection-process\/","title":{"rendered":"Auswahlkriterien Mentees"},"content":{"rendered":"<div data-elementor-type=\"wp-page\" data-elementor-id=\"3030\" class=\"elementor elementor-3030\" data-elementor-post-type=\"page\">\n\t\t\t\t<div class=\"elementor-element elementor-element-8869f69 e-flex e-con-boxed e-con e-parent\" data-id=\"8869f69\" data-element_type=\"container\" data-e-type=\"container\">\n\t\t\t\t\t<div class=\"e-con-inner\">\n\t\t\t\t<div class=\"elementor-element elementor-element-148ad5c elementor-widget elementor-widget-heading\" data-id=\"148ad5c\" data-element_type=\"widget\" data-e-type=\"widget\" data-widget_type=\"heading.default\">\n\t\t\t\t<div class=\"elementor-widget-container\">\n\t\t\t\t\t<h2 class=\"elementor-heading-title elementor-size-default\">Auswahlkriterien Mentees <\/h2>\t\t\t\t<\/div>\n\t\t\t\t<\/div>\n\t\t\t\t<div class=\"elementor-element elementor-element-1c49a12 elementor-widget elementor-widget-text-editor\" data-id=\"1c49a12\" data-element_type=\"widget\" data-e-type=\"widget\" data-no-translation=\"\" data-widget_type=\"text-editor.default\">\n\t\t\t\t<div class=\"elementor-widget-container\">\n\t\t\t\t\t<style>.elementor-element-1c49a12{display:none !important}<\/style>\t\t\t\t<\/div>\n\t\t\t\t<\/div>\n\t\t\t\t<div class=\"elementor-element elementor-element-109fc9b elementor-widget elementor-widget-text-editor\" data-id=\"109fc9b\" data-element_type=\"widget\" data-e-type=\"widget\" data-no-translation=\"\" data-widget_type=\"text-editor.default\">\n\t\t\t\t<div class=\"elementor-widget-container\">\n\t\t\t\t\t\t\t\t\t<p><strong>Frauen aus Deutschland, Marokko, Algerien, Tunesien, Libyen, \u00c4gypten, Jordanien, Libanon, Syrien und Pal\u00e4stina k\u00f6nnen an Ouissal teilnehmen, wenn sie idealerweise die folgenden Voraussetzungen erf\u00fcllen:<\/strong><\/p><p><b><span style=\"text-decoration: underline;\">Karriere<\/span><\/b><\/p><ul><li>Unternehmerin mit einem soliden und skalierbaren Gesch\u00e4ftsplan<\/li><li>Die Grundfinanzierung des Unternehmens ist bereits gesichert<\/li><li>Starkes Interesse an der Integration von Nachhaltigkeit und digitaler Transformation in den Gesch\u00e4ftsplan<\/li><\/ul><p><span style=\"text-decoration: underline;\"><b>Engagement f\u00fcr das Programm<\/b><\/span><\/p><ul><li><span style=\"font-size: 16px;\">Bereitschaft, sich <strong>mindestens 1x pro Monat<\/strong> f\u00fcr mindestens 1 Stunde mit der eigenen <strong>Mentoring-Gruppe online <\/strong>zu<strong> treffen<\/strong><\/span><\/li><li>Bereitschaft, bei <strong>mindestens 3<\/strong> der vom OUISSAL Team organisierten <strong>Online-Workshops teilzunehmen<\/strong><\/li><li>Verpflichtung, mit Unterst\u00fctzung des Mentors und der Mentoring-Gruppe erfolgreich einen nachhaltigen Gesch\u00e4ftsplan zu entwickeln<\/li><li>Pflege lokaler, regionaler und internationaler Kontakte mit anderen Unternehmerinnen und weiblichen F\u00fchrungskr\u00e4ften, die durch das OUISSAL-Projekt entstanden sind<\/li><li>Teilnahme an einem der <strong>verpflichtenden Kick-off-Meetings<\/strong>:<ul><li>Marokko: 27.\u201331. Oktober 2025<\/li><li>Jordanien: 12.\u201316. Januar 2026<\/li><li>\u00c4gypten: 9.\u201313. Februar 2026<\/li><\/ul><p><em>Kick-off-Meetings finden in der Regel an Wochentagen statt, mit Anreise am Montag und Abreise am Freitag. Teilnehmerinnen, die im Gastland wohnen, sind verpflichtet, am entsprechenden Meeting teilzunehmen.<\/em><\/p><\/li><li>Teilnahme am <strong>7. Deutsch-Arabischen Frauenforum<\/strong> in Berlin im Herbst 2026, vorbehaltlich der Leistungsbewertung durch den Mentor und das OUISSAL-Team<\/li><li>Interesse am <strong>interkulturellen Austausch<\/strong> und dem Teilen beruflicher Perspektiven<\/li><li>Engagement, sich mit Frauen im <strong>OUISSAL-Netzwerk<\/strong> (aktuelle und ehemalige Teilnehmerinnen) zu vernetzen und sie zu unterst\u00fctzen<\/li><li>Nachweis von <strong>Respekt<\/strong>, <strong>Selbstreflexion<\/strong> und <strong>bewussten pers\u00f6nlichen Qualit\u00e4ten<\/strong><\/li><\/ul><p><span style=\"text-decoration: underline;\"><b>Sprachkenntnisse<\/b><\/span><\/p><ul><li><strong>Sehr gute Englischkenntnisse<\/strong>, da alle Kick-off-Meetings, Veranstaltungen, Workshops und Online-Sitzungen auf Englisch stattfinden<\/li><li>Weitere Sprachen k\u00f6nnen w\u00e4hrend der Gruppen-Mentoring-Phase genutzt werden, sofern alle Teilnehmenden der Gruppe zustimmen<\/li><\/ul><p><span style=\"text-decoration: underline;\"><b>Verhaltenskodex<\/b><\/span><\/p><ul><li><strong>Respektvolles Miteinander:<\/strong> OUISSAL ist keine politische Plattform. Die Teilnehmerinnen sind aufgefordert, die Meinungen und Hintergr\u00fcnde anderer zu respektieren und in einem Geist von Neugier und Zusammenarbeit in den Dialog zu treten.<\/li><li><strong>Null Toleranz gegen\u00fcber Diskriminierung:<\/strong> Jede Form von Diskriminierung, Feindseligkeit oder Hassrede aufgrund von Religion, Ethnie, Nationalit\u00e4t oder anderer Identit\u00e4t wird nicht toleriert.<\/li><li><strong>Konstruktive Zusammenarbeit:<\/strong> OUISSAL zielt nicht darauf ab, Markteintrittschancen zu schaffen, noch dient es als Praktikums- oder Jobb\u00f6rse oder als Plattform f\u00fcr kommerzielle Partnerschaften. Unser Fokus liegt auf Lernen, Mentoring und gegenseitiger beruflicher Weiterentwicklung.<\/li><li><strong>Vertraulichkeit:<\/strong> Alle Mentoring-Sitzungen, Workshops und Netzwerkveranstaltungen finden in einem gesch\u00fctzten Raum statt. Teilnehmerinnen verpflichten sich, geteilte Informationen, Kontaktdaten und Gesch\u00e4ftsideen vertraulich zu behandeln und nicht ohne Zustimmung au\u00dferhalb des OUISSAL-Programms weiterzugeben.<\/li><li>Sobald ausgew\u00e4hlt, verpflichten sich die Mentees, aktiv an allen Programmaktivit\u00e4ten teilzunehmen. Das Programm erfordert erhebliche organisatorische und finanzielle Investitionen, die durch \u00f6ffentliche Mittel finanziert werden, und Mentorinnen stellen ihre Zeit ehrenamtlich zur Verf\u00fcgung. Aktive Teilnahme ist daher ein Zeichen des Respekts gegen\u00fcber Mentorinnen und Mitteilnehmerinnen.<\/li><\/ul><p><span style=\"text-decoration: underline;\"><b>Kosten<\/b><\/span><\/p><ul><li>Das Programm \u00fcbernimmt Fl\u00fcge, innerst\u00e4dtische Transporte, Verpflegung und Unterkunft f\u00fcr die Kick-off-Meetings und das Deutsch-Arabische Frauenforum.<\/li><li>Visageb\u00fchren sind, falls erforderlich, nicht enthalten.<\/li><li>Ihre Investition ist Ihre Zeit sowie die Offenheit, gemeinsam mit Ihrer Mentoring-Gruppe zu lernen und zu wachsen.<\/li><\/ul>\t\t\t\t\t\t\t\t<\/div>\n\t\t\t\t<\/div>\n\t\t\t\t<div class=\"elementor-element elementor-element-665e4c1 elementor-widget elementor-widget-text-editor\" data-id=\"665e4c1\" data-element_type=\"widget\" data-e-type=\"widget\" data-no-translation=\"\" data-widget_type=\"text-editor.default\">\n\t\t\t\t<div class=\"elementor-widget-container\">\n\t\t\t\t\t<style>.elementor-element-665e4c1{display:none !important}<\/style>\t\t\t\t<\/div>\n\t\t\t\t<\/div>\n\t\t\t\t\t<\/div>\n\t\t\t\t<\/div>\n\t\t<!-- dce invisible element c14ceda -->\t\t<\/div>","protected":false},"excerpt":{"rendered":"<p>Mentees Selection Criteria Mentees Selection Criteria: Women from Germany, Morocco, Algeria, Tunisia, Libya, Egypt, Jordan, Lebanon, Syria, and Palestine can participate in Ouissal, ideally meeting the following requirements: Career An entrepreneur with a solid and scalable business plan Have already secured the basic financing of the business A strong interest in integrating sustainability and digital [&hellip;]<\/p>\n","protected":false},"author":1,"featured_media":2395,"parent":0,"menu_order":0,"comment_status":"closed","ping_status":"closed","template":"","meta":{"_acf_changed":false,"footnotes":""},"class_list":["post-3030","page","type-page","status-publish","has-post-thumbnail","hentry"],"acf":[],"_links":{"self":[{"href":"https:\/\/ouissal.org\/de\/wp-json\/wp\/v2\/pages\/3030","targetHints":{"allow":["GET"]}}],"collection":[{"href":"https:\/\/ouissal.org\/de\/wp-json\/wp\/v2\/pages"}],"about":[{"href":"https:\/\/ouissal.org\/de\/wp-json\/wp\/v2\/types\/page"}],"author":[{"embeddable":true,"href":"https:\/\/ouissal.org\/de\/wp-json\/wp\/v2\/users\/1"}],"replies":[{"embeddable":true,"href":"https:\/\/ouissal.org\/de\/wp-json\/wp\/v2\/comments?post=3030"}],"version-history":[{"count":81,"href":"https:\/\/ouissal.org\/de\/wp-json\/wp\/v2\/pages\/3030\/revisions"}],"predecessor-version":[{"id":10756,"href":"https:\/\/ouissal.org\/de\/wp-json\/wp\/v2\/pages\/3030\/revisions\/10756"}],"wp:featuredmedia":[{"embeddable":true,"href":"https:\/\/ouissal.org\/de\/wp-json\/wp\/v2\/media\/2395"}],"wp:attachment":[{"href":"https:\/\/ouissal.org\/de\/wp-json\/wp\/v2\/media?parent=3030"}],"curies":[{"name":"wp","href":"https:\/\/api.w.org\/{rel}","templated":true}]}}