{"id":2034,"date":"2023-05-22T08:11:09","date_gmt":"2023-05-22T08:11:09","guid":{"rendered":"https:\/\/ouissal.org\/?page_id=2034"},"modified":"2026-03-20T12:32:37","modified_gmt":"2026-03-20T12:32:37","slug":"members-area-2","status":"publish","type":"page","link":"https:\/\/ouissal.org\/de\/","title":{"rendered":"Homepage"},"content":{"rendered":"<div class=\"em em-view-container\" id=\"em-view-969633363\" data-view=\"event\">\r\n\t<div class=\"em wgl_themes em-item em-item-single em-event em-event-single em-event-1\" id=\"em-event-969633363\" data-view-id=\"969633363\">\r\n\t\t<div class=\"event-single_wrapper row\">\r\n            <div class=\"event-single_content wgl_col-4\">\r\n                   <i class=\"icon-event flaticon-clock\"><\/i>\r\n              <h6>Veranstaltungsdatum<\/h6>\r\n              Start um 20:00 Uhr<br \/>\r\n            30. Oktober 2023 - 3. November 2023\r\n            <\/div>\r\n            \r\n            <div class=\"event-single_content wgl_col-4\">\r\n            <i class=\"icon-event flaticon-meeting-point\"><\/i>\r\n              <h6>Veranstaltungsort<\/h6>\r\n              <a href=\"https:\/\/ouissal.org\/de\/locations\/tunis-tunisia\/\">Tunis, Tunesien<\/a>\r\n            <\/div>\r\n            \r\n            <div class=\"event-single_content wgl_col-4\">\r\n            <i class=\"icon-event flaticon-paper-plane\"><\/i>\r\n              <h6>E-Mail<\/h6>\r\n\t\t\t\t<span>ouissal@ema-germany.org wenden.<\/span>\r\n            <\/div>\r\n            <\/div>\r\n            \t<\/div>\r\n<\/div>","protected":false},"excerpt":{"rendered":"<p>Oktober 30, 2023 &#8211; November 3, 2023 @ 8:00 p.m. &#8211; Bewerbungen f\u00fcr Ouissal 2025\/26 sind nun geschlossen!Vielen Dank f\u00fcr euer Interesse! Wir haben eine gro\u00dfe Zahl an Bewerbungen erhalten und pr\u00fcfen diese derzeit sorgf\u00e4ltig. Wir werden uns bald bei euch melden und danken euch herzlich f\u00fcr eure Geduld.OuissalInterkulturelles Mentoring ProgrammEin einzigartiges arabisch-deutsches Mentoring-Programm f\u00fcr weibliche F\u00fchrungskr\u00e4fte!Lernen Sie mehr \u00fcber Ouissal Was ist Ouissal? Das Programm [&#8230;]<\/p>\n","protected":false},"author":1,"featured_media":0,"parent":0,"menu_order":0,"comment_status":"closed","ping_status":"closed","template":"","meta":{"_acf_changed":false,"footnotes":""},"class_list":["post-2034","page","type-page","status-publish","hentry"],"acf":[],"_links":{"self":[{"href":"https:\/\/ouissal.org\/de\/wp-json\/wp\/v2\/pages\/2034","targetHints":{"allow":["GET"]}}],"collection":[{"href":"https:\/\/ouissal.org\/de\/wp-json\/wp\/v2\/pages"}],"about":[{"href":"https:\/\/ouissal.org\/de\/wp-json\/wp\/v2\/types\/page"}],"author":[{"embeddable":true,"href":"https:\/\/ouissal.org\/de\/wp-json\/wp\/v2\/users\/1"}],"replies":[{"embeddable":true,"href":"https:\/\/ouissal.org\/de\/wp-json\/wp\/v2\/comments?post=2034"}],"version-history":[{"count":1293,"href":"https:\/\/ouissal.org\/de\/wp-json\/wp\/v2\/pages\/2034\/revisions"}],"predecessor-version":[{"id":11357,"href":"https:\/\/ouissal.org\/de\/wp-json\/wp\/v2\/pages\/2034\/revisions\/11357"}],"wp:attachment":[{"href":"https:\/\/ouissal.org\/de\/wp-json\/wp\/v2\/media?parent=2034"}],"curies":[{"name":"wp","href":"https:\/\/api.w.org\/{rel}","templated":true}]}}